{"id":3140,"date":"2025-10-24T17:41:30","date_gmt":"2025-10-24T17:41:30","guid":{"rendered":"https:\/\/tiilihovi.fi\/www\/?page_id=3140"},"modified":"2026-04-18T07:15:41","modified_gmt":"2026-04-18T05:15:41","slug":"catering","status":"publish","type":"page","link":"https:\/\/tiilihovi.fi\/www\/catering\/","title":{"rendered":"Catering"},"content":{"rendered":"\t\t<div data-elementor-type=\"wp-page\" data-elementor-id=\"3140\" class=\"elementor elementor-3140\">\n\t\t\t\t\t\t<section class=\"elementor-section elementor-top-section elementor-element elementor-element-2dcab265 elementor-section-content-bottom elementor-section-boxed elementor-section-height-default elementor-section-height-default\" data-id=\"2dcab265\" data-element_type=\"section\" data-e-type=\"section\" id=\"esittely\">\n\t\t\t\t\t\t<div class=\"elementor-container elementor-column-gap-default\">\n\t\t\t\t\t<div class=\"elementor-column elementor-col-50 elementor-top-column elementor-element elementor-element-6dbfe10 elementor-invisible\" data-id=\"6dbfe10\" data-element_type=\"column\" data-e-type=\"column\" data-settings=\"{&quot;background_background&quot;:&quot;classic&quot;,&quot;animation&quot;:&quot;fadeIn&quot;}\">\n\t\t\t<div class=\"elementor-widget-wrap elementor-element-populated\">\n\t\t\t\t\t\t<div class=\"elementor-element elementor-element-2812ccb6 elementor-widget elementor-widget-slashdown_heading\" data-id=\"2812ccb6\" data-element_type=\"widget\" data-e-type=\"widget\" data-widget_type=\"slashdown_heading.default\">\n\t\t\t\t<div class=\"elementor-widget-container\">\n\t\t\t\t\t\t\t<div class=\"slashdown-heading left\">\n\t\t\t<span class=\"slashdown-heading__subtitle\">pitopalvelu samassa talossa<\/span><h3 class=\"slashdown-heading__title\">Juhlien ammattilaiset ovat k\u00e4ytett\u00e4viss\u00e4nne<br>\n<\/h3>\t\t<\/div>\n\t\t\t\t\t\t<\/div>\n\t\t\t\t<\/div>\n\t\t\t\t\t<\/div>\n\t\t<\/div>\n\t\t\t\t<div class=\"elementor-column elementor-col-50 elementor-top-column elementor-element elementor-element-697011a1 elementor-invisible\" data-id=\"697011a1\" data-element_type=\"column\" data-e-type=\"column\" data-settings=\"{&quot;animation&quot;:&quot;fadeIn&quot;,&quot;animation_delay&quot;:400}\">\n\t\t\t<div class=\"elementor-widget-wrap elementor-element-populated\">\n\t\t\t\t\t\t<div class=\"elementor-element elementor-element-16bedd4d elementor-widget elementor-widget-text-editor\" data-id=\"16bedd4d\" data-element_type=\"widget\" data-e-type=\"widget\" data-widget_type=\"text-editor.default\">\n\t\t\t\t\t\t\t\t\t<p><strong>Pitopalvelu Liekoranta muuttaa keitti\u00f6ns\u00e4 Tiilihovin tiloihin 1.5.2026 alkaen\u00a0<\/strong><\/p><p class=\"has-text-align-center\">Kokemuksen tuomalla varmuudella olemme mukana suunnittelussa ja yhteisty\u00f6ll\u00e4 toteutamme sujuvan sek\u00e4 ikimuistettavan juhlan. Tarjoilujen suunnittelu voidaan aloittaa esimerkeist\u00e4 tai luoda kokonaan uusi menu unelmienne pohjalta.<\/p><p class=\"has-text-align-center\">Pyyd\u00e4 tarjous, josta saat vinkkej\u00e4 ja apua juhlien suunnitteluun ja kustannuksiin. Luota kokemukseen ja anna meid\u00e4n auttaa juhliesi j\u00e4rjest\u00e4misess\u00e4.<\/p><p>Ota yhteytt\u00e4:<\/p><p><a href=\"mailto:liekoranta@liekoranta.fi\">liekoranta@liekoranta.fi<\/a><\/p><p><a href=\"tel:+358 40 779 5623\">+358 40 779 5623<\/a><\/p>\t\t\t\t\t\t\t\t<\/div>\n\t\t\t\t\t<\/div>\n\t\t<\/div>\n\t\t\t\t\t<\/div>\n\t\t<\/section>\n\t\t<div class=\"elementor-element elementor-element-7cf6b75 e-flex e-con-boxed e-con e-parent\" data-id=\"7cf6b75\" data-element_type=\"container\" data-e-type=\"container\">\n\t\t\t\t\t<div class=\"e-con-inner\">\n\t\t\t\t<div class=\"elementor-element elementor-element-b3f9689 elementor-widget elementor-widget-image-gallery\" data-id=\"b3f9689\" data-element_type=\"widget\" data-e-type=\"widget\" data-widget_type=\"image-gallery.default\">\n\t\t\t\t\t\t\t<div class=\"elementor-image-gallery\">\n\t\t\t\n\t\t<style type=\"text\/css\">\n\t\t\t#gallery-1 {\n\t\t\t\tmargin: auto;\n\t\t\t}\n\t\t\t#gallery-1 .gallery-item {\n\t\t\t\tfloat: left;\n\t\t\t\tmargin-top: 10px;\n\t\t\t\ttext-align: center;\n\t\t\t\twidth: 16%;\n\t\t\t}\n\t\t\t#gallery-1 img {\n\t\t\t\tborder: 2px solid #cfcfcf;\n\t\t\t}\n\t\t\t#gallery-1 .gallery-caption {\n\t\t\t\tmargin-left: 0;\n\t\t\t}\n\t\t\t\/* see gallery_shortcode() in wp-includes\/media.php *\/\n\t\t<\/style>\n\t\t<div id='gallery-1' class='gallery galleryid-3140 gallery-columns-6 gallery-size-thumbnail'><dl class='gallery-item'>\n\t\t\t<dt class='gallery-icon portrait'>\n\t\t\t\t<a data-elementor-open-lightbox=\"yes\" data-elementor-lightbox-slideshow=\"b3f9689\" data-elementor-lightbox-title=\"Kuva Studio Copper19\" data-e-action-hash=\"#elementor-action%3Aaction%3Dlightbox%26settings%3DeyJpZCI6MzIyMywidXJsIjoiaHR0cHM6XC9cL3RpaWxpaG92aS5maVwvd3d3XC93cC1jb250ZW50XC91cGxvYWRzXC8yMDI1XC8xMFwvS3V2YS1TdHVkaW8tQ29wcGVyMTkuanBlZyIsInNsaWRlc2hvdyI6ImIzZjk2ODkifQ%3D%3D\" href='https:\/\/tiilihovi.fi\/www\/wp-content\/uploads\/2025\/10\/Kuva-Studio-Copper19.jpeg'><img decoding=\"async\" width=\"160\" height=\"160\" src=\"https:\/\/tiilihovi.fi\/www\/wp-content\/uploads\/2025\/10\/Kuva-Studio-Copper19-160x160.jpeg\" class=\"attachment-thumbnail size-thumbnail\" alt=\"\" \/><\/a>\n\t\t\t<\/dt><\/dl><dl class='gallery-item'>\n\t\t\t<dt class='gallery-icon landscape'>\n\t\t\t\t<a data-elementor-open-lightbox=\"yes\" data-elementor-lightbox-slideshow=\"b3f9689\" data-elementor-lightbox-title=\"Kuva Studio Copper17\" data-e-action-hash=\"#elementor-action%3Aaction%3Dlightbox%26settings%3DeyJpZCI6MzIyMSwidXJsIjoiaHR0cHM6XC9cL3RpaWxpaG92aS5maVwvd3d3XC93cC1jb250ZW50XC91cGxvYWRzXC8yMDI1XC8xMFwvS3V2YS1TdHVkaW8tQ29wcGVyMTcuanBlZyIsInNsaWRlc2hvdyI6ImIzZjk2ODkifQ%3D%3D\" href='https:\/\/tiilihovi.fi\/www\/wp-content\/uploads\/2025\/10\/Kuva-Studio-Copper17.jpeg'><img decoding=\"async\" width=\"160\" height=\"160\" src=\"https:\/\/tiilihovi.fi\/www\/wp-content\/uploads\/2025\/10\/Kuva-Studio-Copper17-160x160.jpeg\" class=\"attachment-thumbnail size-thumbnail\" alt=\"\" \/><\/a>\n\t\t\t<\/dt><\/dl><dl class='gallery-item'>\n\t\t\t<dt class='gallery-icon portrait'>\n\t\t\t\t<a data-elementor-open-lightbox=\"yes\" data-elementor-lightbox-slideshow=\"b3f9689\" data-elementor-lightbox-title=\"Kuva Studio Copper18\" data-e-action-hash=\"#elementor-action%3Aaction%3Dlightbox%26settings%3DeyJpZCI6MzIyMiwidXJsIjoiaHR0cHM6XC9cL3RpaWxpaG92aS5maVwvd3d3XC93cC1jb250ZW50XC91cGxvYWRzXC8yMDI1XC8xMFwvS3V2YS1TdHVkaW8tQ29wcGVyMTguanBlZyIsInNsaWRlc2hvdyI6ImIzZjk2ODkifQ%3D%3D\" href='https:\/\/tiilihovi.fi\/www\/wp-content\/uploads\/2025\/10\/Kuva-Studio-Copper18.jpeg'><img decoding=\"async\" width=\"160\" height=\"160\" src=\"https:\/\/tiilihovi.fi\/www\/wp-content\/uploads\/2025\/10\/Kuva-Studio-Copper18-160x160.jpeg\" class=\"attachment-thumbnail size-thumbnail\" alt=\"\" \/><\/a>\n\t\t\t<\/dt><\/dl><dl class='gallery-item'>\n\t\t\t<dt class='gallery-icon portrait'>\n\t\t\t\t<a data-elementor-open-lightbox=\"yes\" data-elementor-lightbox-slideshow=\"b3f9689\" data-elementor-lightbox-title=\"Kuva Studio Copper16\" data-e-action-hash=\"#elementor-action%3Aaction%3Dlightbox%26settings%3DeyJpZCI6MzIyMCwidXJsIjoiaHR0cHM6XC9cL3RpaWxpaG92aS5maVwvd3d3XC93cC1jb250ZW50XC91cGxvYWRzXC8yMDI1XC8xMFwvS3V2YS1TdHVkaW8tQ29wcGVyMTYuanBlZyIsInNsaWRlc2hvdyI6ImIzZjk2ODkifQ%3D%3D\" href='https:\/\/tiilihovi.fi\/www\/wp-content\/uploads\/2025\/10\/Kuva-Studio-Copper16.jpeg'><img loading=\"lazy\" decoding=\"async\" width=\"160\" height=\"160\" src=\"https:\/\/tiilihovi.fi\/www\/wp-content\/uploads\/2025\/10\/Kuva-Studio-Copper16-160x160.jpeg\" class=\"attachment-thumbnail size-thumbnail\" alt=\"\" \/><\/a>\n\t\t\t<\/dt><\/dl><dl class='gallery-item'>\n\t\t\t<dt class='gallery-icon portrait'>\n\t\t\t\t<a data-elementor-open-lightbox=\"yes\" data-elementor-lightbox-slideshow=\"b3f9689\" data-elementor-lightbox-title=\"Kuva Studio Copper15\" data-e-action-hash=\"#elementor-action%3Aaction%3Dlightbox%26settings%3DeyJpZCI6MzIxOSwidXJsIjoiaHR0cHM6XC9cL3RpaWxpaG92aS5maVwvd3d3XC93cC1jb250ZW50XC91cGxvYWRzXC8yMDI1XC8xMFwvS3V2YS1TdHVkaW8tQ29wcGVyMTUuanBlZyIsInNsaWRlc2hvdyI6ImIzZjk2ODkifQ%3D%3D\" href='https:\/\/tiilihovi.fi\/www\/wp-content\/uploads\/2025\/10\/Kuva-Studio-Copper15.jpeg'><img loading=\"lazy\" decoding=\"async\" width=\"160\" height=\"160\" src=\"https:\/\/tiilihovi.fi\/www\/wp-content\/uploads\/2025\/10\/Kuva-Studio-Copper15-160x160.jpeg\" class=\"attachment-thumbnail size-thumbnail\" alt=\"\" \/><\/a>\n\t\t\t<\/dt><\/dl><dl class='gallery-item'>\n\t\t\t<dt class='gallery-icon portrait'>\n\t\t\t\t<a data-elementor-open-lightbox=\"yes\" data-elementor-lightbox-slideshow=\"b3f9689\" data-elementor-lightbox-title=\"Kuva Studio Copper14\" data-e-action-hash=\"#elementor-action%3Aaction%3Dlightbox%26settings%3DeyJpZCI6MzIxOCwidXJsIjoiaHR0cHM6XC9cL3RpaWxpaG92aS5maVwvd3d3XC93cC1jb250ZW50XC91cGxvYWRzXC8yMDI1XC8xMFwvS3V2YS1TdHVkaW8tQ29wcGVyMTQuanBlZyIsInNsaWRlc2hvdyI6ImIzZjk2ODkifQ%3D%3D\" href='https:\/\/tiilihovi.fi\/www\/wp-content\/uploads\/2025\/10\/Kuva-Studio-Copper14.jpeg'><img loading=\"lazy\" decoding=\"async\" width=\"160\" height=\"160\" src=\"https:\/\/tiilihovi.fi\/www\/wp-content\/uploads\/2025\/10\/Kuva-Studio-Copper14-160x160.jpeg\" class=\"attachment-thumbnail size-thumbnail\" alt=\"\" \/><\/a>\n\t\t\t<\/dt><\/dl><br style=\"clear: both\" \/><dl class='gallery-item'>\n\t\t\t<dt class='gallery-icon landscape'>\n\t\t\t\t<a data-elementor-open-lightbox=\"yes\" data-elementor-lightbox-slideshow=\"b3f9689\" data-elementor-lightbox-title=\"Kuva Studio Copper13\" data-e-action-hash=\"#elementor-action%3Aaction%3Dlightbox%26settings%3DeyJpZCI6MzIxNywidXJsIjoiaHR0cHM6XC9cL3RpaWxpaG92aS5maVwvd3d3XC93cC1jb250ZW50XC91cGxvYWRzXC8yMDI1XC8xMFwvS3V2YS1TdHVkaW8tQ29wcGVyMTMuanBlZyIsInNsaWRlc2hvdyI6ImIzZjk2ODkifQ%3D%3D\" href='https:\/\/tiilihovi.fi\/www\/wp-content\/uploads\/2025\/10\/Kuva-Studio-Copper13.jpeg'><img loading=\"lazy\" decoding=\"async\" width=\"160\" height=\"160\" src=\"https:\/\/tiilihovi.fi\/www\/wp-content\/uploads\/2025\/10\/Kuva-Studio-Copper13-160x160.jpeg\" class=\"attachment-thumbnail size-thumbnail\" alt=\"\" \/><\/a>\n\t\t\t<\/dt><\/dl><dl class='gallery-item'>\n\t\t\t<dt class='gallery-icon portrait'>\n\t\t\t\t<a data-elementor-open-lightbox=\"yes\" data-elementor-lightbox-slideshow=\"b3f9689\" data-elementor-lightbox-title=\"Kuva Studio Copper12\" data-e-action-hash=\"#elementor-action%3Aaction%3Dlightbox%26settings%3DeyJpZCI6MzIxNiwidXJsIjoiaHR0cHM6XC9cL3RpaWxpaG92aS5maVwvd3d3XC93cC1jb250ZW50XC91cGxvYWRzXC8yMDI1XC8xMFwvS3V2YS1TdHVkaW8tQ29wcGVyMTIuanBlZyIsInNsaWRlc2hvdyI6ImIzZjk2ODkifQ%3D%3D\" href='https:\/\/tiilihovi.fi\/www\/wp-content\/uploads\/2025\/10\/Kuva-Studio-Copper12.jpeg'><img loading=\"lazy\" decoding=\"async\" width=\"160\" height=\"160\" src=\"https:\/\/tiilihovi.fi\/www\/wp-content\/uploads\/2025\/10\/Kuva-Studio-Copper12-160x160.jpeg\" class=\"attachment-thumbnail size-thumbnail\" alt=\"\" \/><\/a>\n\t\t\t<\/dt><\/dl><dl class='gallery-item'>\n\t\t\t<dt class='gallery-icon landscape'>\n\t\t\t\t<a data-elementor-open-lightbox=\"yes\" data-elementor-lightbox-slideshow=\"b3f9689\" data-elementor-lightbox-title=\"Liekoranta1\" data-e-action-hash=\"#elementor-action%3Aaction%3Dlightbox%26settings%3DeyJpZCI6MzI0NSwidXJsIjoiaHR0cHM6XC9cL3RpaWxpaG92aS5maVwvd3d3XC93cC1jb250ZW50XC91cGxvYWRzXC8yMDI1XC8xMFwvTGlla29yYW50YTEuanBlZyIsInNsaWRlc2hvdyI6ImIzZjk2ODkifQ%3D%3D\" href='https:\/\/tiilihovi.fi\/www\/wp-content\/uploads\/2025\/10\/Liekoranta1.jpeg'><img loading=\"lazy\" decoding=\"async\" width=\"160\" height=\"160\" src=\"https:\/\/tiilihovi.fi\/www\/wp-content\/uploads\/2025\/10\/Liekoranta1-160x160.jpeg\" class=\"attachment-thumbnail size-thumbnail\" alt=\"\" \/><\/a>\n\t\t\t<\/dt><\/dl><dl class='gallery-item'>\n\t\t\t<dt class='gallery-icon landscape'>\n\t\t\t\t<a data-elementor-open-lightbox=\"yes\" data-elementor-lightbox-slideshow=\"b3f9689\" data-elementor-lightbox-title=\"Liekoranta2\" data-e-action-hash=\"#elementor-action%3Aaction%3Dlightbox%26settings%3DeyJpZCI6MzI0NiwidXJsIjoiaHR0cHM6XC9cL3RpaWxpaG92aS5maVwvd3d3XC93cC1jb250ZW50XC91cGxvYWRzXC8yMDI1XC8xMFwvTGlla29yYW50YTIuanBlZyIsInNsaWRlc2hvdyI6ImIzZjk2ODkifQ%3D%3D\" href='https:\/\/tiilihovi.fi\/www\/wp-content\/uploads\/2025\/10\/Liekoranta2.jpeg'><img loading=\"lazy\" decoding=\"async\" width=\"160\" height=\"160\" src=\"https:\/\/tiilihovi.fi\/www\/wp-content\/uploads\/2025\/10\/Liekoranta2-160x160.jpeg\" class=\"attachment-thumbnail size-thumbnail\" alt=\"\" \/><\/a>\n\t\t\t<\/dt><\/dl><dl class='gallery-item'>\n\t\t\t<dt class='gallery-icon landscape'>\n\t\t\t\t<a data-elementor-open-lightbox=\"yes\" data-elementor-lightbox-slideshow=\"b3f9689\" data-elementor-lightbox-title=\"Liekoranta3\" data-e-action-hash=\"#elementor-action%3Aaction%3Dlightbox%26settings%3DeyJpZCI6MzI0NywidXJsIjoiaHR0cHM6XC9cL3RpaWxpaG92aS5maVwvd3d3XC93cC1jb250ZW50XC91cGxvYWRzXC8yMDI1XC8xMFwvTGlla29yYW50YTMuanBlZyIsInNsaWRlc2hvdyI6ImIzZjk2ODkifQ%3D%3D\" href='https:\/\/tiilihovi.fi\/www\/wp-content\/uploads\/2025\/10\/Liekoranta3.jpeg'><img loading=\"lazy\" decoding=\"async\" width=\"160\" height=\"160\" src=\"https:\/\/tiilihovi.fi\/www\/wp-content\/uploads\/2025\/10\/Liekoranta3-160x160.jpeg\" class=\"attachment-thumbnail size-thumbnail\" alt=\"\" \/><\/a>\n\t\t\t<\/dt><\/dl><dl class='gallery-item'>\n\t\t\t<dt class='gallery-icon landscape'>\n\t\t\t\t<a data-elementor-open-lightbox=\"yes\" data-elementor-lightbox-slideshow=\"b3f9689\" data-elementor-lightbox-title=\"Liekoranta4\" data-e-action-hash=\"#elementor-action%3Aaction%3Dlightbox%26settings%3DeyJpZCI6MzI0OCwidXJsIjoiaHR0cHM6XC9cL3RpaWxpaG92aS5maVwvd3d3XC93cC1jb250ZW50XC91cGxvYWRzXC8yMDI1XC8xMFwvTGlla29yYW50YTQuanBlZyIsInNsaWRlc2hvdyI6ImIzZjk2ODkifQ%3D%3D\" href='https:\/\/tiilihovi.fi\/www\/wp-content\/uploads\/2025\/10\/Liekoranta4.jpeg'><img loading=\"lazy\" decoding=\"async\" width=\"160\" height=\"160\" src=\"https:\/\/tiilihovi.fi\/www\/wp-content\/uploads\/2025\/10\/Liekoranta4-160x160.jpeg\" class=\"attachment-thumbnail size-thumbnail\" alt=\"\" \/><\/a>\n\t\t\t<\/dt><\/dl><br style=\"clear: both\" \/>\n\t\t<\/div>\n\t\t<\/div>\n\t\t\t\t\t\t<\/div>\n\t\t\t\t\t<\/div>\n\t\t\t\t<\/div>\n\t\t<div class=\"elementor-element elementor-element-c934809 e-flex e-con-boxed e-con e-parent\" data-id=\"c934809\" data-element_type=\"container\" data-e-type=\"container\">\n\t\t\t\t\t<div class=\"e-con-inner\">\n\t\t\t\t<div class=\"elementor-element elementor-element-80e241d elementor-widget-divider--view-line elementor-widget elementor-widget-divider\" data-id=\"80e241d\" data-element_type=\"widget\" data-e-type=\"widget\" data-widget_type=\"divider.default\">\n\t\t\t\t\t\t\t<div class=\"elementor-divider\">\n\t\t\t<span class=\"elementor-divider-separator\">\n\t\t\t\t\t\t<\/span>\n\t\t<\/div>\n\t\t\t\t\t\t<\/div>\n\t\t\t\t\t<\/div>\n\t\t\t\t<\/div>\n\t\t<div class=\"elementor-element elementor-element-3957ac8 e-flex e-con-boxed e-con e-parent\" data-id=\"3957ac8\" data-element_type=\"container\" data-e-type=\"container\">\n\t\t\t\t\t<div class=\"e-con-inner\">\n\t\t\t\t<div class=\"elementor-element elementor-element-47837cb elementor-widget elementor-widget-heading\" data-id=\"47837cb\" data-element_type=\"widget\" data-e-type=\"widget\" data-widget_type=\"heading.default\">\n\t\t\t\t\t<h4 class=\"elementor-heading-title elementor-size-default\">Alueen muita pitopalveluyrityksi\u00e4<\/h4>\t\t\t\t<\/div>\n\t\t\t\t\t<\/div>\n\t\t\t\t<\/div>\n\t\t<div class=\"elementor-element elementor-element-1eb0a76 e-grid e-con-boxed e-con e-parent\" data-id=\"1eb0a76\" data-element_type=\"container\" data-e-type=\"container\">\n\t\t\t\t\t<div class=\"e-con-inner\">\n\t\t\t\t<div class=\"elementor-element elementor-element-f8aa75d elementor-widget elementor-widget-slashdown_offer_block\" data-id=\"f8aa75d\" data-element_type=\"widget\" data-e-type=\"widget\" data-widget_type=\"slashdown_offer_block.default\">\n\t\t\t\t<div class=\"elementor-widget-container\">\n\t\t\t\t\t<div class=\"slashdown-offer-block\"><a href=\"https:\/\/www.auracatering.fi\" target=\"_blank\"><div class=\"slashdown-offer-block__image\"><img decoding=\"async\" src=\"https:\/\/tiilihovi.fi\/www\/wp-content\/uploads\/2026\/04\/PHOTO-2026-04-15-10-52-00.jpg\" \/><\/div><div class=\"slashdown-offer-block__text\"><div class=\"slashdown-offer-block__title\"><h5>Aura Catering<\/h5><\/div><div class=\"slashdown-offer-block__subtitle\"><\/div><\/div><\/a><\/div>\t\t\t\t<\/div>\n\t\t\t\t<\/div>\n\t\t\t\t<div class=\"elementor-element elementor-element-7c84e9c elementor-widget elementor-widget-slashdown_offer_block\" data-id=\"7c84e9c\" data-element_type=\"widget\" data-e-type=\"widget\" data-widget_type=\"slashdown_offer_block.default\">\n\t\t\t\t<div class=\"elementor-widget-container\">\n\t\t\t\t\t<div class=\"slashdown-offer-block\"><a href=\"https:\/\/www.kotileipomojokiranta.fi\" target=\"_blank\"><div class=\"slashdown-offer-block__image\"><img decoding=\"async\" src=\"https:\/\/tiilihovi.fi\/www\/wp-content\/uploads\/2026\/04\/Perhoset_Koivukakku_Kotileipomo_Jokiranta.jpg\" \/><\/div><div class=\"slashdown-offer-block__text\"><div class=\"slashdown-offer-block__title\"><h5>Kotileipomo Jokiranta<\/h5><\/div><div class=\"slashdown-offer-block__subtitle\"><\/div><\/div><\/a><\/div>\t\t\t\t<\/div>\n\t\t\t\t<\/div>\n\t\t\t\t<div class=\"elementor-element elementor-element-1aba550 elementor-widget elementor-widget-slashdown_offer_block\" data-id=\"1aba550\" data-element_type=\"widget\" data-e-type=\"widget\" data-widget_type=\"slashdown_offer_block.default\">\n\t\t\t\t<div class=\"elementor-widget-container\">\n\t\t\t\t\t<div class=\"slashdown-offer-block\"><a href=\"https:\/\/hoteltunneli.fi\/party-tunneli\/\" target=\"_blank\"><div class=\"slashdown-offer-block__image\"><img decoding=\"async\" src=\"https:\/\/tiilihovi.fi\/www\/wp-content\/uploads\/2026\/04\/ravintola-tunneli-lounas-sastamala-pirkanmaa-ruokailu-4.jpg\" \/><\/div><div class=\"slashdown-offer-block__text\"><div class=\"slashdown-offer-block__title\"><h5>Tunneli<\/h5><\/div><div class=\"slashdown-offer-block__subtitle\"><\/div><\/div><\/a><\/div>\t\t\t\t<\/div>\n\t\t\t\t<\/div>\n\t\t\t\t\t<\/div>\n\t\t\t\t<\/div>\n\t\t\t\t<\/div>\n\t\t","protected":false},"excerpt":{"rendered":"<p>pitopalvelu samassa talossa Juhlien ammattilaiset ovat k\u00e4ytett\u00e4viss\u00e4nne Pitopalvelu Liekoranta muuttaa keitti\u00f6ns\u00e4 Tiilihovin tiloihin 1.5.2026 alkaen\u00a0 Kokemuksen tuomalla varmuudella olemme mukana suunnittelussa ja yhteisty\u00f6ll\u00e4 toteutamme sujuvan sek\u00e4 ikimuistettavan juhlan. Tarjoilujen suunnittelu voidaan aloittaa esimerkeist\u00e4 tai luoda kokonaan uusi menu unelmienne pohjalta. Pyyd\u00e4 tarjous, josta saat vinkkej\u00e4 ja apua juhlien suunnitteluun ja kustannuksiin. Luota kokemukseen ja anna&#8230; <a href=\"https:\/\/tiilihovi.fi\/www\/catering\/\" class=\"more-link\">Continue reading<\/a><\/p>\n","protected":false},"author":1,"featured_media":3142,"parent":0,"menu_order":0,"comment_status":"closed","ping_status":"closed","template":"","meta":{"footnotes":""},"class_list":["post-3140","page","type-page","status-publish","has-post-thumbnail","hentry"],"_links":{"self":[{"href":"https:\/\/tiilihovi.fi\/www\/wp-json\/wp\/v2\/pages\/3140","targetHints":{"allow":["GET"]}}],"collection":[{"href":"https:\/\/tiilihovi.fi\/www\/wp-json\/wp\/v2\/pages"}],"about":[{"href":"https:\/\/tiilihovi.fi\/www\/wp-json\/wp\/v2\/types\/page"}],"author":[{"embeddable":true,"href":"https:\/\/tiilihovi.fi\/www\/wp-json\/wp\/v2\/users\/1"}],"replies":[{"embeddable":true,"href":"https:\/\/tiilihovi.fi\/www\/wp-json\/wp\/v2\/comments?post=3140"}],"version-history":[{"count":82,"href":"https:\/\/tiilihovi.fi\/www\/wp-json\/wp\/v2\/pages\/3140\/revisions"}],"predecessor-version":[{"id":3455,"href":"https:\/\/tiilihovi.fi\/www\/wp-json\/wp\/v2\/pages\/3140\/revisions\/3455"}],"wp:featuredmedia":[{"embeddable":true,"href":"https:\/\/tiilihovi.fi\/www\/wp-json\/wp\/v2\/media\/3142"}],"wp:attachment":[{"href":"https:\/\/tiilihovi.fi\/www\/wp-json\/wp\/v2\/media?parent=3140"}],"curies":[{"name":"wp","href":"https:\/\/api.w.org\/{rel}","templated":true}]}}